{"id":1687,"date":"2025-04-26T15:07:15","date_gmt":"2025-04-26T12:07:15","guid":{"rendered":"https:\/\/sefkursunrestoran.com\/?page_id=1687"},"modified":"2025-09-18T08:05:51","modified_gmt":"2025-09-18T05:05:51","slug":"hakkimizda","status":"publish","type":"page","link":"https:\/\/sefkursunrestoran.com\/index.php\/hakkimizda\/","title":{"rendered":"Hakk\u0131m\u0131zda"},"content":{"rendered":"<figure class=\"wp-block-table is-style-stripes\"><table class=\"has-fixed-layout\"><thead><tr><th>\u00c7al\u0131\u015fma Saatleri<\/th><th><\/th><\/tr><\/thead><tbody><tr><td>Pazartesi<\/td><td>08:00 &#8211; 19:00<\/td><\/tr><tr><td>Sal\u0131<\/td><td>08:00 &#8211; 19:00<\/td><\/tr><tr><td>\u00c7ar\u015famba<\/td><td>08:00 &#8211; 19:00<\/td><\/tr><tr><td>Per\u015fembe<\/td><td>08:00 &#8211; 19:00<\/td><\/tr><tr><td>Cuma<\/td><td>08:00 &#8211; 19:00<\/td><\/tr><tr><td>Cumartesi<\/td><td>08:00 &#8211; 19:00<\/td><\/tr><tr><td>Pazar<\/td><td>Kapal\u0131<\/td><\/tr><\/tbody><\/table><\/figure><p>&#8220;\ud83c\udf7d\ufe0f Helal Lezzet | Ger\u00e7ek Tatlar\u0131n Adresi Helal ve sa\u011fl\u0131kl\u0131 yemek anlay\u0131\u015f\u0131yla yola \u00e7\u0131kt\u0131\u011f\u0131m\u0131z &#8220;Helal Lezzet&#8221;, geleneksel T\u00fcrk mutfa\u011f\u0131n\u0131n en \u00f6zel tariflerini sizlerle bulu\u015fturuyor. Akdeniz Toros g\u00fcvencesi ile %100 helal sertifikal\u0131 malzemelerle haz\u0131rlanan etlerimiz, tazelik ve hijyen prensiplerimizden \u00f6d\u00fcn vermeden sunuluyor. Aile ortam\u0131nda keyifli bir yemek deneyimi arayan herkesi restoran\u0131m\u0131za bekliyoruz.&#8221;<\/p><p><\/p><p><br><strong>Teslimat Mahalleleri ve Minimum Sipari\u015f Tutarlar\u0131<\/strong><\/p><p>\ud83d\udce6 Sipari\u015flerimiz a\u015fa\u011f\u0131daki mahallelere g\u00f6re belirlenen minimum tutarlar \u00fczerinden g\u00f6nderilmektedir:<\/p><ul class=\"wp-block-list\"><li><strong>Ankara Mahallesi<\/strong> \u2192 Min. 300 TL<\/li>\n\n<li><strong>Atik Mahallesi<\/strong> \u2192 Min. 0 TL<\/li>\n\n<li><strong>Camiikebir Mahallesi<\/strong> \u2192 Min. 300 TL<\/li>\n\n<li><strong>Gazi Mahallesi<\/strong> \u2192 Min. 0 TL<\/li>\n\n<li><strong>G\u00f6ksu Mahallesi<\/strong> \u2192 Min. 0 TL<\/li>\n\n<li><strong>Mukaddem Mahallesi<\/strong> \u2192 Min. 0 TL<\/li>\n\n<li><strong>Pazarka\u015f\u0131 Mahallesi<\/strong> \u2192 Min. 300 TL<\/li>\n\n<li><strong>Saray Mahallesi<\/strong> \u2192 Min. 0 TL<\/li>\n\n<li><strong>Sar\u0131calar Mahallesi<\/strong> \u2192 Min. 0 TL<\/li>\n\n<li><strong>Say Mahallesi<\/strong> \u2192 Min. 300 TL<\/li>\n\n<li><strong>Saya\u011fz\u0131 Mahallesi<\/strong> \u2192 Min. 0 TL<\/li>\n\n<li><strong>Toros Mahallesi<\/strong> \u2192 Min. 300 TL<\/li>\n\n<li><strong>Tosmurlu OSB<\/strong> \u2192 Min. 300 TL<\/li>\n\n<li><strong>Yeni Mahalle<\/strong> \u2192 Min. 300 TL<\/li><\/ul><p><br>\ud83d\udccc <strong>Minimum Sipari\u015f Tutar\u0131 Nedir?<\/strong><br>Minimum sipari\u015f tutar\u0131, restoran\u0131m\u0131zdan online sipari\u015f verebilmeniz i\u00e7in gerekli olan <strong>en d\u00fc\u015f\u00fck harcama miktar\u0131d\u0131r<\/strong>.<br>\u00d6rne\u011fin, bir mahallede minimum sipari\u015f tutar\u0131 300 TL ise, sipari\u015f verebilmek i\u00e7in sepetinizdeki \u00fcr\u00fcnlerin toplam\u0131 en az 300 TL olmal\u0131d\u0131r.<\/p>","protected":false},"excerpt":{"rendered":"<p>\u00c7al\u0131\u015fma Saatleri Pazartesi 08:00 &#8211; 19:00 Sal\u0131 08:00 &#8211; 19:00 \u00c7ar\u015famba 08:00 &#8211; 19:00 Per\u015fembe 08:00 &#8211; 19:00 Cuma 08:00 &#8211; 19:00 Cumartesi 08:00 &#8211; 19:00 Pazar Kapal\u0131 &#8220;\ud83c\udf7d\ufe0f Helal Lezzet | Ger\u00e7ek Tatlar\u0131n Adresi Helal ve sa\u011fl\u0131kl\u0131 yemek anlay\u0131\u015f\u0131yla yola \u00e7\u0131kt\u0131\u011f\u0131m\u0131z &#8220;Helal Lezzet&#8221;, geleneksel T\u00fcrk mutfa\u011f\u0131n\u0131n en \u00f6zel tariflerini sizlerle bulu\u015fturuyor. Akdeniz Toros g\u00fcvencesi [&hellip;]<\/p>\n","protected":false},"author":1,"featured_media":0,"parent":0,"menu_order":0,"comment_status":"closed","ping_status":"closed","template":"","meta":{"footnotes":""},"class_list":["post-1687","page","type-page","status-publish","hentry"],"_links":{"self":[{"href":"https:\/\/sefkursunrestoran.com\/index.php\/wp-json\/wp\/v2\/pages\/1687"}],"collection":[{"href":"https:\/\/sefkursunrestoran.com\/index.php\/wp-json\/wp\/v2\/pages"}],"about":[{"href":"https:\/\/sefkursunrestoran.com\/index.php\/wp-json\/wp\/v2\/types\/page"}],"author":[{"embeddable":true,"href":"https:\/\/sefkursunrestoran.com\/index.php\/wp-json\/wp\/v2\/users\/1"}],"replies":[{"embeddable":true,"href":"https:\/\/sefkursunrestoran.com\/index.php\/wp-json\/wp\/v2\/comments?post=1687"}],"version-history":[{"count":8,"href":"https:\/\/sefkursunrestoran.com\/index.php\/wp-json\/wp\/v2\/pages\/1687\/revisions"}],"predecessor-version":[{"id":1947,"href":"https:\/\/sefkursunrestoran.com\/index.php\/wp-json\/wp\/v2\/pages\/1687\/revisions\/1947"}],"wp:attachment":[{"href":"https:\/\/sefkursunrestoran.com\/index.php\/wp-json\/wp\/v2\/media?parent=1687"}],"curies":[{"name":"wp","href":"https:\/\/api.w.org\/{rel}","templated":true}]}}