{"id":1710,"date":"2025-04-26T15:10:25","date_gmt":"2025-04-26T12:10:25","guid":{"rendered":"https:\/\/sefkursunrestoran.com\/?page_id=1710"},"modified":"2025-04-27T16:16:20","modified_gmt":"2025-04-27T13:16:20","slug":"iletisim","status":"publish","type":"page","link":"https:\/\/sefkursunrestoran.com\/index.php\/iletisim\/","title":{"rendered":"\u0130leti\u015fim"},"content":{"rendered":"<h2 class=\"wp-block-heading\">\u0130leti\u015fim<\/h2><p><strong>Adres:<\/strong> G\u00f6ksu, 89. Sk. No:3, 33960 Silifke\/Mersin<\/p><p><strong>Telefon:<\/strong> <a href=\"tel:+905073702399\">0507 370 23 99<\/a><\/p><h3 class=\"wp-block-heading\">Konumumuz<\/h3><p><a href=\"https:\/\/maps.app.goo.gl\/RnpSijq88sfF6wG46\" target=\"_blank\" rel=\"noreferrer noopener\">Google Haritalarda A\u00e7<\/a><\/p>","protected":false},"excerpt":{"rendered":"<p>\u0130leti\u015fim Adres: G\u00f6ksu, 89. Sk. No:3, 33960 Silifke\/Mersin Telefon: 0507 370 23 99 Konumumuz Google Haritalarda A\u00e7<\/p>\n","protected":false},"author":1,"featured_media":0,"parent":0,"menu_order":0,"comment_status":"closed","ping_status":"closed","template":"","meta":{"footnotes":""},"class_list":["post-1710","page","type-page","status-publish","hentry"],"_links":{"self":[{"href":"https:\/\/sefkursunrestoran.com\/index.php\/wp-json\/wp\/v2\/pages\/1710"}],"collection":[{"href":"https:\/\/sefkursunrestoran.com\/index.php\/wp-json\/wp\/v2\/pages"}],"about":[{"href":"https:\/\/sefkursunrestoran.com\/index.php\/wp-json\/wp\/v2\/types\/page"}],"author":[{"embeddable":true,"href":"https:\/\/sefkursunrestoran.com\/index.php\/wp-json\/wp\/v2\/users\/1"}],"replies":[{"embeddable":true,"href":"https:\/\/sefkursunrestoran.com\/index.php\/wp-json\/wp\/v2\/comments?post=1710"}],"version-history":[{"count":5,"href":"https:\/\/sefkursunrestoran.com\/index.php\/wp-json\/wp\/v2\/pages\/1710\/revisions"}],"predecessor-version":[{"id":1721,"href":"https:\/\/sefkursunrestoran.com\/index.php\/wp-json\/wp\/v2\/pages\/1710\/revisions\/1721"}],"wp:attachment":[{"href":"https:\/\/sefkursunrestoran.com\/index.php\/wp-json\/wp\/v2\/media?parent=1710"}],"curies":[{"name":"wp","href":"https:\/\/api.w.org\/{rel}","templated":true}]}}